{"id":6771,"date":"2023-02-06T15:11:54","date_gmt":"2023-02-06T15:11:54","guid":{"rendered":"https:\/\/nsgdesign.it\/contact\/"},"modified":"2025-10-03T08:35:58","modified_gmt":"2025-10-03T08:35:58","slug":"contact","status":"publish","type":"page","link":"https:\/\/nsgdesign.it\/en\/contact\/","title":{"rendered":"Contact"},"content":{"rendered":"\t\t<div data-elementor-type=\"wp-page\" data-elementor-id=\"6771\" class=\"elementor elementor-6771 elementor-4619\" data-elementor-post-type=\"page\">\n\t\t\t\t<div class=\"elementor-element elementor-element-8f21149 e-con-full e-flex e-con e-parent\" data-id=\"8f21149\" data-element_type=\"container\" data-e-type=\"container\">\n\t\t<div class=\"elementor-element elementor-element-d2d5587 e-con-full e-flex e-con e-child\" data-id=\"d2d5587\" data-element_type=\"container\" data-e-type=\"container\">\n\t\t\t\t<div class=\"elementor-element elementor-element-f831998 elementor-widget elementor-widget-heading\" data-id=\"f831998\" data-element_type=\"widget\" data-e-type=\"widget\" data-widget_type=\"heading.default\">\n\t\t\t\t<div class=\"elementor-widget-container\">\n\t\t\t\t\t<h2 class=\"elementor-heading-title elementor-size-default\">Contact<\/h2>\t\t\t\t<\/div>\n\t\t\t\t<\/div>\n\t\t\t\t<div class=\"elementor-element elementor-element-15e6efd elementor-widget elementor-widget-text-editor\" data-id=\"15e6efd\" data-element_type=\"widget\" data-e-type=\"widget\" data-widget_type=\"text-editor.default\">\n\t\t\t\t<div class=\"elementor-widget-container\">\n\t\t\t\t\t\t\t\t\t<p><span style=\"color: #000000;\"><a style=\"color: #000000;\" href=\"tel:+390352650931\">+39 035 2650931<\/a> | <a style=\"color: #000000;\" href=\"tel:+39%20035%20237003\">+39 035 237003<\/a><\/span><br>\n  <span style=\"color: #000000;\">\n    <a style=\"color: #000000;\" href=\"mailto:info@nsgdesign.it\">info@nsgdesign.it<\/a>\n  <\/span>\n  <br>Via Guido Galimberti, 8<br>24124 Bergamo \u00b7 Italy\n<\/p>\t\t\t\t\t\t\t\t<\/div>\n\t\t\t\t<\/div>\n\t\t\t\t<div class=\"elementor-element elementor-element-ca1f6a7 elementor-widget__width-auto magic-hover magic-hover__square elementor-widget elementor-widget-text-editor\" data-id=\"ca1f6a7\" data-element_type=\"widget\" data-e-type=\"widget\" data-widget_type=\"text-editor.default\">\n\t\t\t\t<div class=\"elementor-widget-container\">\n\t\t\t\t\t\t\t\t\t<p><span style=\"color: #000000;\"><a style=\"color: #000000;\" href=\"https:\/\/goo.gl\/maps\/Ke11UrNLMdZkAmuW8\" target=\"_blank\" rel=\"noopener\">Map <\/a><\/span><\/p>\t\t\t\t\t\t\t\t<\/div>\n\t\t\t\t<\/div>\n\t\t\t\t<div class=\"elementor-element elementor-element-e2bcb62 elementor-widget elementor-widget-menu-anchor\" data-id=\"e2bcb62\" data-element_type=\"widget\" data-e-type=\"widget\" data-widget_type=\"menu-anchor.default\">\n\t\t\t\t<div class=\"elementor-widget-container\">\n\t\t\t\t\t\t\t<div class=\"elementor-menu-anchor\" id=\"form-contatti\"><\/div>\n\t\t\t\t\t\t<\/div>\n\t\t\t\t<\/div>\n\t\t\t\t<div class=\"elementor-element elementor-element-92a13ad elementor-widget elementor-widget-text-editor\" data-id=\"92a13ad\" data-element_type=\"widget\" data-e-type=\"widget\" data-widget_type=\"text-editor.default\">\n\t\t\t\t<div class=\"elementor-widget-container\">\n\t\t\t\t\t\t\t\t\t<p>45\u00b0709729 N 9\u00b0690771 E<\/p>\t\t\t\t\t\t\t\t<\/div>\n\t\t\t\t<\/div>\n\t\t\t\t<div class=\"elementor-element elementor-element-38e1b58 elementor-hidden-desktop elementor-hidden-tablet elementor-hidden-mobile elementor-widget elementor-widget-heading\" data-id=\"38e1b58\" data-element_type=\"widget\" data-e-type=\"widget\" data-widget_type=\"heading.default\">\n\t\t\t\t<div class=\"elementor-widget-container\">\n\t\t\t\t\t<h2 class=\"elementor-heading-title elementor-size-default\"><a href=\"#elementor-action%3Aaction%3Dpopup%3Aopen%26settings%3DeyJpZCI6MTgwNzQsInRvZ2dsZSI6ZmFsc2V9\">Request our historical catalogue<\/a><\/h2>\t\t\t\t<\/div>\n\t\t\t\t<\/div>\n\t\t\t\t<div class=\"elementor-element elementor-element-ef2bf17 elementor-widget__width-initial elementor-button-align-stretch elementor-widget elementor-widget-form\" data-id=\"ef2bf17\" data-element_type=\"widget\" data-e-type=\"widget\" data-settings=\"{&quot;button_width&quot;:&quot;50&quot;,&quot;step_next_label&quot;:&quot;Next&quot;,&quot;step_previous_label&quot;:&quot;Previous&quot;,&quot;step_type&quot;:&quot;number_text&quot;,&quot;step_icon_shape&quot;:&quot;circle&quot;}\" data-widget_type=\"form.default\">\n\t\t\t\t<div class=\"elementor-widget-container\">\n\t\t\t\t\t\t\t<form class=\"elementor-form\" method=\"post\" name=\"Form contatti\" aria-label=\"Form contatti\">\n\t\t\t<input type=\"hidden\" name=\"post_id\" value=\"6771\"\/>\n\t\t\t<input type=\"hidden\" name=\"form_id\" value=\"ef2bf17\"\/>\n\t\t\t<input type=\"hidden\" name=\"referer_title\" value=\"NSG\" \/>\n\n\t\t\t\n\t\t\t<div class=\"elementor-form-fields-wrapper elementor-labels-above\">\n\t\t\t\t\t\t\t\t<div class=\"elementor-field-type-text elementor-field-group elementor-column elementor-field-group-nome elementor-col-50\">\n\t\t\t\t\t\t\t\t\t\t\t\t<label for=\"form-field-nome\" class=\"elementor-field-label\">\n\t\t\t\t\t\t\t\tName\t\t\t\t\t\t\t<\/label>\n\t\t\t\t\t\t\t\t\t\t\t\t\t\t<input size=\"1\" type=\"text\" name=\"form_fields[nome]\" id=\"form-field-nome\" class=\"elementor-field elementor-size-sm  elementor-field-textual\" placeholder=\"Name\">\n\t\t\t\t\t\t\t\t\t\t\t<\/div>\n\t\t\t\t\t\t\t\t<div class=\"elementor-field-type-email elementor-field-group elementor-column elementor-field-group-email elementor-col-50 elementor-field-required\">\n\t\t\t\t\t\t\t\t\t\t\t\t<label for=\"form-field-email\" class=\"elementor-field-label\">\n\t\t\t\t\t\t\t\tEmail\t\t\t\t\t\t\t<\/label>\n\t\t\t\t\t\t\t\t\t\t\t\t\t\t<input size=\"1\" type=\"email\" name=\"form_fields[email]\" id=\"form-field-email\" class=\"elementor-field elementor-size-sm  elementor-field-textual\" placeholder=\"Email\" required=\"required\">\n\t\t\t\t\t\t\t\t\t\t\t<\/div>\n\t\t\t\t\t\t\t\t<div class=\"elementor-field-type-textarea elementor-field-group elementor-column elementor-field-group-messaggio elementor-col-100\">\n\t\t\t\t\t\t\t\t\t\t\t\t<label for=\"form-field-messaggio\" class=\"elementor-field-label\">\n\t\t\t\t\t\t\t\tMessage\t\t\t\t\t\t\t<\/label>\n\t\t\t\t\t\t<textarea class=\"elementor-field-textual elementor-field  elementor-size-sm\" name=\"form_fields[messaggio]\" id=\"form-field-messaggio\" rows=\"4\" placeholder=\"Tell us about your projects. We will get back to you as soon as possible! \"><\/textarea>\t\t\t\t<\/div>\n\t\t\t\t\t\t\t\t<div class=\"elementor-field-type-acceptance elementor-field-group elementor-column elementor-field-group-field_6745875 elementor-col-100 elementor-field-required\">\n\t\t\t\t\t\t\t<div class=\"elementor-field-subgroup\">\n\t\t\t<span class=\"elementor-field-option\">\n\t\t\t\t<input type=\"checkbox\" name=\"form_fields[field_6745875]\" id=\"form-field-field_6745875\" class=\"elementor-field elementor-size-sm  elementor-acceptance-field\" required=\"required\">\n\t\t\t\t<label for=\"form-field-field_6745875\">I declare that I have read and accept the <a href=\"https:\/\/www.iubenda.com\/privacy-policy\/16418902\">Privacy Policy<\/a><\/label>\t\t\t<\/span>\n\t\t<\/div>\n\t\t\t\t\t\t<\/div>\n\t\t\t\t\t\t\t\t<div class=\"elementor-field-type-recaptcha_v3 elementor-field-group elementor-column elementor-field-group-field_21416cd elementor-col-100 recaptcha_v3-bottomright\">\n\t\t\t\t\t<div class=\"elementor-field\" id=\"form-field-field_21416cd\"><div class=\"elementor-g-recaptcha\" data-sitekey=\"6Lfce8AlAAAAAAKgrMDox4aHj9GNd1E2HSCaYACp\" data-type=\"v3\" data-action=\"Form\" data-badge=\"bottomright\" data-size=\"invisible\"><\/div><\/div>\t\t\t\t<\/div>\n\t\t\t\t\t\t\t\t<div class=\"elementor-field-type-recaptcha elementor-field-group elementor-column elementor-field-group-field_ec5a0e7 elementor-col-100\">\n\t\t\t\t\t<div class=\"elementor-field\" id=\"form-field-field_ec5a0e7\"><div class=\"elementor-g-recaptcha\" data-sitekey=\"6Ld9WX4qAAAAAB29w-NUBzjREZ_PNe6ZcUCPVU9E\" data-type=\"v2_checkbox\" data-theme=\"light\" data-size=\"normal\"><\/div><\/div>\t\t\t\t<\/div>\n\t\t\t\t\t\t\t\t<div class=\"elementor-field-group elementor-column elementor-field-type-submit elementor-col-50 e-form__buttons\">\n\t\t\t\t\t<button class=\"elementor-button elementor-size-sm\" type=\"submit\">\n\t\t\t\t\t\t<span class=\"elementor-button-content-wrapper\">\n\t\t\t\t\t\t\t\t\t\t\t\t\t\t\t\t\t\t\t\t\t\t<span class=\"elementor-button-text\">Send<\/span>\n\t\t\t\t\t\t\t\t\t\t\t\t\t<\/span>\n\t\t\t\t\t<\/button>\n\t\t\t\t<\/div>\n\t\t\t<\/div>\n\t\t<\/form>\n\t\t\t\t\t\t<\/div>\n\t\t\t\t<\/div>\n\t\t\t\t<\/div>\n\t\t<div class=\"elementor-element elementor-element-645f607 e-con-full e-flex e-con e-child\" data-id=\"645f607\" data-element_type=\"container\" data-e-type=\"container\" data-settings=\"{&quot;background_background&quot;:&quot;classic&quot;}\">\n\t\t\t\t<\/div>\n\t\t\t\t<\/div>\n\t\t\t\t<\/div>\n\t\t","protected":false},"excerpt":{"rendered":"<p>Contact +39 035 2650931 | +39 035 237003 info@nsgdesign.it Via Guido Galimberti, 824124 Bergamo \u00b7 Italy Map 45\u00b0709729 N 9\u00b0690771 E Request our historical catalogue<\/p>\n","protected":false},"author":1,"featured_media":6734,"parent":0,"menu_order":0,"comment_status":"closed","ping_status":"closed","template":"","meta":{"_acf_changed":false,"footnotes":""},"class_list":["post-6771","page","type-page","status-publish","has-post-thumbnail","hentry"],"acf":[],"yoast_head":"<!-- This site is optimized with the Yoast SEO Premium plugin v27.3 (Yoast SEO v27.3) - https:\/\/yoast.com\/product\/yoast-seo-premium-wordpress\/ -->\n<title>Contact - NSG<\/title>\n<meta name=\"description\" content=\"Contacts NSG Wine Design and Spirits Design. Looking for a communications agency specializing in wine and spirits design? We can help you!\" \/>\n<meta name=\"robots\" content=\"index, follow, max-snippet:-1, max-image-preview:large, max-video-preview:-1\" \/>\n<link rel=\"canonical\" href=\"https:\/\/nsgdesign.it\/en\/contact\/\" \/>\n<meta property=\"og:locale\" content=\"en_US\" \/>\n<meta property=\"og:type\" content=\"article\" \/>\n<meta property=\"og:title\" content=\"Contact\" \/>\n<meta property=\"og:description\" content=\"Contacts NSG Wine Design and Spirits Design. Looking for a communications agency specializing in wine and spirits design? We can help you!\" \/>\n<meta property=\"og:url\" content=\"https:\/\/nsgdesign.it\/en\/contact\/\" \/>\n<meta property=\"og:site_name\" content=\"NSG\" \/>\n<meta property=\"article:modified_time\" content=\"2025-10-03T08:35:58+00:00\" \/>\n<meta property=\"og:image\" content=\"https:\/\/nsgdesign.it\/wp-content\/uploads\/2023\/01\/mappa-disegno.jpg\" \/>\n\t<meta property=\"og:image:width\" content=\"465\" \/>\n\t<meta property=\"og:image:height\" content=\"305\" \/>\n\t<meta property=\"og:image:type\" content=\"image\/jpeg\" \/>\n<meta name=\"twitter:card\" content=\"summary_large_image\" \/>\n<script type=\"application\/ld+json\" class=\"yoast-schema-graph\">{\"@context\":\"https:\\\/\\\/schema.org\",\"@graph\":[{\"@type\":\"WebPage\",\"@id\":\"https:\\\/\\\/nsgdesign.it\\\/en\\\/contact\\\/\",\"url\":\"https:\\\/\\\/nsgdesign.it\\\/en\\\/contact\\\/\",\"name\":\"Contact - NSG\",\"isPartOf\":{\"@id\":\"https:\\\/\\\/nsgdesign.it\\\/#website\"},\"primaryImageOfPage\":{\"@id\":\"https:\\\/\\\/nsgdesign.it\\\/en\\\/contact\\\/#primaryimage\"},\"image\":{\"@id\":\"https:\\\/\\\/nsgdesign.it\\\/en\\\/contact\\\/#primaryimage\"},\"thumbnailUrl\":\"https:\\\/\\\/nsgdesign.it\\\/wp-content\\\/uploads\\\/2023\\\/01\\\/mappa-disegno.jpg\",\"datePublished\":\"2023-02-06T15:11:54+00:00\",\"dateModified\":\"2025-10-03T08:35:58+00:00\",\"description\":\"Contacts NSG Wine Design and Spirits Design. Looking for a communications agency specializing in wine and spirits design? We can help you!\",\"breadcrumb\":{\"@id\":\"https:\\\/\\\/nsgdesign.it\\\/en\\\/contact\\\/#breadcrumb\"},\"inLanguage\":\"en-US\",\"potentialAction\":[{\"@type\":\"ReadAction\",\"target\":[\"https:\\\/\\\/nsgdesign.it\\\/en\\\/contact\\\/\"]}]},{\"@type\":\"ImageObject\",\"inLanguage\":\"en-US\",\"@id\":\"https:\\\/\\\/nsgdesign.it\\\/en\\\/contact\\\/#primaryimage\",\"url\":\"https:\\\/\\\/nsgdesign.it\\\/wp-content\\\/uploads\\\/2023\\\/01\\\/mappa-disegno.jpg\",\"contentUrl\":\"https:\\\/\\\/nsgdesign.it\\\/wp-content\\\/uploads\\\/2023\\\/01\\\/mappa-disegno.jpg\",\"width\":465,\"height\":305},{\"@type\":\"BreadcrumbList\",\"@id\":\"https:\\\/\\\/nsgdesign.it\\\/en\\\/contact\\\/#breadcrumb\",\"itemListElement\":[{\"@type\":\"ListItem\",\"position\":1,\"name\":\"Home\",\"item\":\"https:\\\/\\\/nsgdesign.it\\\/en\\\/home\\\/\"},{\"@type\":\"ListItem\",\"position\":2,\"name\":\"Contact\"}]},{\"@type\":\"WebSite\",\"@id\":\"https:\\\/\\\/nsgdesign.it\\\/#website\",\"url\":\"https:\\\/\\\/nsgdesign.it\\\/\",\"name\":\"NSG\",\"description\":\"Strategic Branding Communication\",\"publisher\":{\"@id\":\"https:\\\/\\\/nsgdesign.it\\\/#organization\"},\"alternateName\":\"NSG\",\"potentialAction\":[{\"@type\":\"SearchAction\",\"target\":{\"@type\":\"EntryPoint\",\"urlTemplate\":\"https:\\\/\\\/nsgdesign.it\\\/?s={search_term_string}\"},\"query-input\":{\"@type\":\"PropertyValueSpecification\",\"valueRequired\":true,\"valueName\":\"search_term_string\"}}],\"inLanguage\":\"en-US\"},{\"@type\":\"Organization\",\"@id\":\"https:\\\/\\\/nsgdesign.it\\\/#organization\",\"name\":\"NSG\",\"url\":\"https:\\\/\\\/nsgdesign.it\\\/\",\"logo\":{\"@type\":\"ImageObject\",\"inLanguage\":\"en-US\",\"@id\":\"https:\\\/\\\/nsgdesign.it\\\/#\\\/schema\\\/logo\\\/image\\\/\",\"url\":\"https:\\\/\\\/nsgdesign.it\\\/wp-content\\\/uploads\\\/2022\\\/03\\\/LOGO-NSG.png\",\"contentUrl\":\"https:\\\/\\\/nsgdesign.it\\\/wp-content\\\/uploads\\\/2022\\\/03\\\/LOGO-NSG.png\",\"width\":1300,\"height\":650,\"caption\":\"NSG\"},\"image\":{\"@id\":\"https:\\\/\\\/nsgdesign.it\\\/#\\\/schema\\\/logo\\\/image\\\/\"},\"sameAs\":[\"https:\\\/\\\/it.linkedin.com\\\/company\\\/nsgdesign?trk=public_profile_topcard-current-company\",\"https:\\\/\\\/www.instagram.com\\\/nsgdesign_italia\\\/?hl=it\"],\"description\":\"Agenzia di comunicazione specializzata nel design legato al mondo del vino e degli spirits, spaziando dal branding, packaging e tutto ci\u00f2 che \u00e8 grafica tradizionale, a tutto ci\u00f2 che \u00e8 digital, web, social.\",\"email\":\"info@nsgdesign.it\",\"telephone\":\"+39 035 2650931\",\"legalName\":\"NSG srl\",\"foundingDate\":\"2022-01-18\",\"vatID\":\"04580180166\",\"taxID\":\"04580180166\",\"numberOfEmployees\":{\"@type\":\"QuantitativeValue\",\"minValue\":\"11\",\"maxValue\":\"50\"}}]}<\/script>\n<!-- \/ Yoast SEO Premium plugin. -->","yoast_head_json":{"title":"Contact - NSG","description":"Contacts NSG Wine Design and Spirits Design. Looking for a communications agency specializing in wine and spirits design? We can help you!","robots":{"index":"index","follow":"follow","max-snippet":"max-snippet:-1","max-image-preview":"max-image-preview:large","max-video-preview":"max-video-preview:-1"},"canonical":"https:\/\/nsgdesign.it\/en\/contact\/","og_locale":"en_US","og_type":"article","og_title":"Contact","og_description":"Contacts NSG Wine Design and Spirits Design. Looking for a communications agency specializing in wine and spirits design? We can help you!","og_url":"https:\/\/nsgdesign.it\/en\/contact\/","og_site_name":"NSG","article_modified_time":"2025-10-03T08:35:58+00:00","og_image":[{"width":465,"height":305,"url":"https:\/\/nsgdesign.it\/wp-content\/uploads\/2023\/01\/mappa-disegno.jpg","type":"image\/jpeg"}],"twitter_card":"summary_large_image","schema":{"@context":"https:\/\/schema.org","@graph":[{"@type":"WebPage","@id":"https:\/\/nsgdesign.it\/en\/contact\/","url":"https:\/\/nsgdesign.it\/en\/contact\/","name":"Contact - NSG","isPartOf":{"@id":"https:\/\/nsgdesign.it\/#website"},"primaryImageOfPage":{"@id":"https:\/\/nsgdesign.it\/en\/contact\/#primaryimage"},"image":{"@id":"https:\/\/nsgdesign.it\/en\/contact\/#primaryimage"},"thumbnailUrl":"https:\/\/nsgdesign.it\/wp-content\/uploads\/2023\/01\/mappa-disegno.jpg","datePublished":"2023-02-06T15:11:54+00:00","dateModified":"2025-10-03T08:35:58+00:00","description":"Contacts NSG Wine Design and Spirits Design. Looking for a communications agency specializing in wine and spirits design? We can help you!","breadcrumb":{"@id":"https:\/\/nsgdesign.it\/en\/contact\/#breadcrumb"},"inLanguage":"en-US","potentialAction":[{"@type":"ReadAction","target":["https:\/\/nsgdesign.it\/en\/contact\/"]}]},{"@type":"ImageObject","inLanguage":"en-US","@id":"https:\/\/nsgdesign.it\/en\/contact\/#primaryimage","url":"https:\/\/nsgdesign.it\/wp-content\/uploads\/2023\/01\/mappa-disegno.jpg","contentUrl":"https:\/\/nsgdesign.it\/wp-content\/uploads\/2023\/01\/mappa-disegno.jpg","width":465,"height":305},{"@type":"BreadcrumbList","@id":"https:\/\/nsgdesign.it\/en\/contact\/#breadcrumb","itemListElement":[{"@type":"ListItem","position":1,"name":"Home","item":"https:\/\/nsgdesign.it\/en\/home\/"},{"@type":"ListItem","position":2,"name":"Contact"}]},{"@type":"WebSite","@id":"https:\/\/nsgdesign.it\/#website","url":"https:\/\/nsgdesign.it\/","name":"NSG","description":"Strategic Branding Communication","publisher":{"@id":"https:\/\/nsgdesign.it\/#organization"},"alternateName":"NSG","potentialAction":[{"@type":"SearchAction","target":{"@type":"EntryPoint","urlTemplate":"https:\/\/nsgdesign.it\/?s={search_term_string}"},"query-input":{"@type":"PropertyValueSpecification","valueRequired":true,"valueName":"search_term_string"}}],"inLanguage":"en-US"},{"@type":"Organization","@id":"https:\/\/nsgdesign.it\/#organization","name":"NSG","url":"https:\/\/nsgdesign.it\/","logo":{"@type":"ImageObject","inLanguage":"en-US","@id":"https:\/\/nsgdesign.it\/#\/schema\/logo\/image\/","url":"https:\/\/nsgdesign.it\/wp-content\/uploads\/2022\/03\/LOGO-NSG.png","contentUrl":"https:\/\/nsgdesign.it\/wp-content\/uploads\/2022\/03\/LOGO-NSG.png","width":1300,"height":650,"caption":"NSG"},"image":{"@id":"https:\/\/nsgdesign.it\/#\/schema\/logo\/image\/"},"sameAs":["https:\/\/it.linkedin.com\/company\/nsgdesign?trk=public_profile_topcard-current-company","https:\/\/www.instagram.com\/nsgdesign_italia\/?hl=it"],"description":"Agenzia di comunicazione specializzata nel design legato al mondo del vino e degli spirits, spaziando dal branding, packaging e tutto ci\u00f2 che \u00e8 grafica tradizionale, a tutto ci\u00f2 che \u00e8 digital, web, social.","email":"info@nsgdesign.it","telephone":"+39 035 2650931","legalName":"NSG srl","foundingDate":"2022-01-18","vatID":"04580180166","taxID":"04580180166","numberOfEmployees":{"@type":"QuantitativeValue","minValue":"11","maxValue":"50"}}]}},"_links":{"self":[{"href":"https:\/\/nsgdesign.it\/en\/wp-json\/wp\/v2\/pages\/6771","targetHints":{"allow":["GET"]}}],"collection":[{"href":"https:\/\/nsgdesign.it\/en\/wp-json\/wp\/v2\/pages"}],"about":[{"href":"https:\/\/nsgdesign.it\/en\/wp-json\/wp\/v2\/types\/page"}],"author":[{"embeddable":true,"href":"https:\/\/nsgdesign.it\/en\/wp-json\/wp\/v2\/users\/1"}],"replies":[{"embeddable":true,"href":"https:\/\/nsgdesign.it\/en\/wp-json\/wp\/v2\/comments?post=6771"}],"version-history":[{"count":11,"href":"https:\/\/nsgdesign.it\/en\/wp-json\/wp\/v2\/pages\/6771\/revisions"}],"predecessor-version":[{"id":17831,"href":"https:\/\/nsgdesign.it\/en\/wp-json\/wp\/v2\/pages\/6771\/revisions\/17831"}],"wp:featuredmedia":[{"embeddable":true,"href":"https:\/\/nsgdesign.it\/en\/wp-json\/wp\/v2\/media\/6734"}],"wp:attachment":[{"href":"https:\/\/nsgdesign.it\/en\/wp-json\/wp\/v2\/media?parent=6771"}],"curies":[{"name":"wp","href":"https:\/\/api.w.org\/{rel}","templated":true}]}}