{"id":7190,"date":"2023-02-14T10:03:51","date_gmt":"2023-02-14T10:03:51","guid":{"rendered":"https:\/\/nsgdesign.it\/food\/"},"modified":"2024-04-15T07:39:23","modified_gmt":"2024-04-15T07:39:23","slug":"food","status":"publish","type":"page","link":"https:\/\/nsgdesign.it\/en\/food\/","title":{"rendered":"Food"},"content":{"rendered":"\t\t<div data-elementor-type=\"wp-page\" data-elementor-id=\"7190\" class=\"elementor elementor-7190\" data-elementor-post-type=\"page\">\n\t\t\t\t<div class=\"elementor-element elementor-element-1e34be1 e-con-full e-flex e-con e-parent\" data-id=\"1e34be1\" data-element_type=\"container\" data-e-type=\"container\" data-settings=\"{&quot;background_background&quot;:&quot;classic&quot;}\">\n\t\t\t\t<div class=\"elementor-element elementor-element-f90fbdc elementor-widget elementor-widget-heading\" data-id=\"f90fbdc\" data-element_type=\"widget\" data-e-type=\"widget\" data-widget_type=\"heading.default\">\n\t\t\t\t<div class=\"elementor-widget-container\">\n\t\t\t\t\t<h1 class=\"elementor-heading-title elementor-size-default\">Food Soul<\/h1>\t\t\t\t<\/div>\n\t\t\t\t<\/div>\n\t\t\t\t<\/div>\n\t\t<div class=\"elementor-element elementor-element-a1730d6 e-con-full e-flex e-con e-parent\" data-id=\"a1730d6\" data-element_type=\"container\" data-e-type=\"container\">\n\t\t\t\t<div class=\"elementor-element elementor-element-79119ac elementor-grid-4 magic-hover magic-hover__square elementor-grid-tablet-2 elementor-grid-mobile-1 elementor-widget elementor-widget-portfolio\" data-id=\"79119ac\" data-element_type=\"widget\" data-e-type=\"widget\" data-settings=\"{&quot;columns&quot;:&quot;4&quot;,&quot;item_ratio&quot;:{&quot;unit&quot;:&quot;px&quot;,&quot;size&quot;:1,&quot;sizes&quot;:[]},&quot;row_gap&quot;:{&quot;unit&quot;:&quot;px&quot;,&quot;size&quot;:30,&quot;sizes&quot;:[]},&quot;columns_tablet&quot;:&quot;2&quot;,&quot;columns_mobile&quot;:&quot;1&quot;,&quot;item_gap&quot;:{&quot;unit&quot;:&quot;px&quot;,&quot;size&quot;:&quot;&quot;,&quot;sizes&quot;:[]}}\" data-widget_type=\"portfolio.default\">\n\t\t\t\t<div class=\"elementor-widget-container\">\n\t\t\t\t\t\t\t<ul class=\"elementor-portfolio__filters\">\n\t\t\t<li class=\"elementor-portfolio__filter elementor-active\" tabindex=\"0\" data-filter=\"__all\">All<\/li>\n\t\t\t\t\t\t\t<li class=\"elementor-portfolio__filter\" tabindex=\"0\" data-filter=\"105\">Food<\/li>\n\t\t\t\t\t\t\t<li class=\"elementor-portfolio__filter\" tabindex=\"0\" data-filter=\"31\">Packaging<\/li>\n\t\t\t\t\t\t\t<li class=\"elementor-portfolio__filter\" tabindex=\"0\" data-filter=\"32\">Restyling<\/li>\n\t\t\t\t\t<\/ul>\n\t\t\t\t<div class=\"elementor-portfolio elementor-grid elementor-posts-container\" role=\"list\">\n\t\t\t\t<article class=\"elementor-portfolio-item elementor-post  post-11011 portfolio_food type-portfolio_food status-publish has-post-thumbnail hentry\" role=\"listitem\">\n\t\t\t<a class=\"elementor-post__thumbnail__link\" href=\"https:\/\/nsgdesign.it\/en\/portfolio_food\/riso-vero-%c2%b7-packaging\/\">\n\t\t\t\t<div class=\"elementor-portfolio-item__img elementor-post__thumbnail\">\n\t\t\t<img fetchpriority=\"high\" decoding=\"async\" width=\"1007\" height=\"1007\" src=\"https:\/\/nsgdesign.it\/wp-content\/uploads\/2024\/02\/3d-vero-riso-.jpg\" class=\"attachment-full size-full wp-image-10253\" alt=\"\" srcset=\"https:\/\/nsgdesign.it\/wp-content\/uploads\/2024\/02\/3d-vero-riso-.jpg 1007w, https:\/\/nsgdesign.it\/wp-content\/uploads\/2024\/02\/3d-vero-riso--300x300.jpg 300w, https:\/\/nsgdesign.it\/wp-content\/uploads\/2024\/02\/3d-vero-riso--150x150.jpg 150w, https:\/\/nsgdesign.it\/wp-content\/uploads\/2024\/02\/3d-vero-riso--768x768.jpg 768w\" sizes=\"(max-width: 1007px) 100vw, 1007px\" \/>\t\t<\/div>\n\t\t\t\t<div class=\"elementor-portfolio-item__overlay\">\n\t\t\t\t<h3 class=\"elementor-portfolio-item__title\">\n\t\tRiso Vero \u00b7 Packaging\t\t<\/h3>\n\t\t\t\t<\/div>\n\t\t\t\t<\/a>\n\t\t<\/article>\n\t\t\t\t<article class=\"elementor-portfolio-item elementor-post  post-11007 portfolio_food type-portfolio_food status-publish has-post-thumbnail hentry\" role=\"listitem\">\n\t\t\t<a class=\"elementor-post__thumbnail__link\" href=\"https:\/\/nsgdesign.it\/en\/portfolio_food\/olio-prediomagno-%c2%b7-packaging\/\">\n\t\t\t\t<div class=\"elementor-portfolio-item__img elementor-post__thumbnail\">\n\t\t\t<img decoding=\"async\" width=\"1674\" height=\"939\" src=\"https:\/\/nsgdesign.it\/wp-content\/uploads\/2024\/03\/prediomagno-olio-.png\" class=\"attachment-full size-full wp-image-10706\" alt=\"\" srcset=\"https:\/\/nsgdesign.it\/wp-content\/uploads\/2024\/03\/prediomagno-olio-.png 1674w, https:\/\/nsgdesign.it\/wp-content\/uploads\/2024\/03\/prediomagno-olio--300x168.png 300w, https:\/\/nsgdesign.it\/wp-content\/uploads\/2024\/03\/prediomagno-olio--1024x574.png 1024w, https:\/\/nsgdesign.it\/wp-content\/uploads\/2024\/03\/prediomagno-olio--768x431.png 768w, https:\/\/nsgdesign.it\/wp-content\/uploads\/2024\/03\/prediomagno-olio--1536x862.png 1536w\" sizes=\"(max-width: 1674px) 100vw, 1674px\" \/>\t\t<\/div>\n\t\t\t\t<div class=\"elementor-portfolio-item__overlay\">\n\t\t\t\t<h3 class=\"elementor-portfolio-item__title\">\n\t\tOlio Prediomagno \u00b7 Packaging\t\t<\/h3>\n\t\t\t\t<\/div>\n\t\t\t\t<\/a>\n\t\t<\/article>\n\t\t\t\t<article class=\"elementor-portfolio-item elementor-post  post-10076 portfolio_food type-portfolio_food status-publish has-post-thumbnail hentry tag-woseba-en\" role=\"listitem\">\n\t\t\t<a class=\"elementor-post__thumbnail__link\" href=\"https:\/\/nsgdesign.it\/en\/portfolio_food\/woseba-bio\/\">\n\t\t\t\t<div class=\"elementor-portfolio-item__img elementor-post__thumbnail\">\n\t\t\t<img decoding=\"async\" width=\"1369\" height=\"1353\" src=\"https:\/\/nsgdesign.it\/wp-content\/uploads\/2022\/10\/woseba-1369x1353-v2-o.jpeg\" class=\"attachment-full size-full wp-image-6547\" alt=\"woseba caffe packaging design\" srcset=\"https:\/\/nsgdesign.it\/wp-content\/uploads\/2022\/10\/woseba-1369x1353-v2-o.jpeg 1369w, https:\/\/nsgdesign.it\/wp-content\/uploads\/2022\/10\/woseba-1369x1353-v2-o-300x296.jpeg 300w, https:\/\/nsgdesign.it\/wp-content\/uploads\/2022\/10\/woseba-1369x1353-v2-o-1024x1012.jpeg 1024w, https:\/\/nsgdesign.it\/wp-content\/uploads\/2022\/10\/woseba-1369x1353-v2-o-768x759.jpeg 768w\" sizes=\"(max-width: 1369px) 100vw, 1369px\" \/>\t\t<\/div>\n\t\t\t\t<div class=\"elementor-portfolio-item__overlay\">\n\t\t\t\t<h3 class=\"elementor-portfolio-item__title\">\n\t\tWoseba Bio\t\t<\/h3>\n\t\t\t\t<\/div>\n\t\t\t\t<\/a>\n\t\t<\/article>\n\t\t\t\t<article class=\"elementor-portfolio-item elementor-post elementor-filter-31 post-10074 portfolio_food type-portfolio_food status-publish has-post-thumbnail hentry category-packaging-en tag-gimoka-en\" role=\"listitem\">\n\t\t\t<a class=\"elementor-post__thumbnail__link\" href=\"https:\/\/nsgdesign.it\/en\/portfolio_food\/gimoka\/\">\n\t\t\t\t<div class=\"elementor-portfolio-item__img elementor-post__thumbnail\">\n\t\t\t<img loading=\"lazy\" decoding=\"async\" width=\"1500\" height=\"1500\" src=\"https:\/\/nsgdesign.it\/wp-content\/uploads\/2022\/10\/quadrato-discesa-gimoka.jpg\" class=\"attachment-full size-full wp-image-8387\" alt=\"\" srcset=\"https:\/\/nsgdesign.it\/wp-content\/uploads\/2022\/10\/quadrato-discesa-gimoka.jpg 1500w, https:\/\/nsgdesign.it\/wp-content\/uploads\/2022\/10\/quadrato-discesa-gimoka-300x300.jpg 300w, https:\/\/nsgdesign.it\/wp-content\/uploads\/2022\/10\/quadrato-discesa-gimoka-1024x1024.jpg 1024w, https:\/\/nsgdesign.it\/wp-content\/uploads\/2022\/10\/quadrato-discesa-gimoka-150x150.jpg 150w, https:\/\/nsgdesign.it\/wp-content\/uploads\/2022\/10\/quadrato-discesa-gimoka-768x768.jpg 768w\" sizes=\"(max-width: 1500px) 100vw, 1500px\" \/>\t\t<\/div>\n\t\t\t\t<div class=\"elementor-portfolio-item__overlay\">\n\t\t\t\t<h3 class=\"elementor-portfolio-item__title\">\n\t\tGimoka\t\t<\/h3>\n\t\t\t\t<\/div>\n\t\t\t\t<\/a>\n\t\t<\/article>\n\t\t\t\t<article class=\"elementor-portfolio-item elementor-post elementor-filter-32 post-10072 portfolio_food type-portfolio_food status-publish has-post-thumbnail hentry category-restyling-en tag-woseba-en\" role=\"listitem\">\n\t\t\t<a class=\"elementor-post__thumbnail__link\" href=\"https:\/\/nsgdesign.it\/en\/portfolio_food\/woseba-premium\/\">\n\t\t\t\t<div class=\"elementor-portfolio-item__img elementor-post__thumbnail\">\n\t\t\t<img loading=\"lazy\" decoding=\"async\" width=\"1920\" height=\"1440\" src=\"https:\/\/nsgdesign.it\/wp-content\/uploads\/2022\/10\/WOSEBA_red.jpg\" class=\"attachment-full size-full wp-image-6550\" alt=\"Woseba_packaging design\" srcset=\"https:\/\/nsgdesign.it\/wp-content\/uploads\/2022\/10\/WOSEBA_red.jpg 1920w, https:\/\/nsgdesign.it\/wp-content\/uploads\/2022\/10\/WOSEBA_red-300x225.jpg 300w, https:\/\/nsgdesign.it\/wp-content\/uploads\/2022\/10\/WOSEBA_red-1024x768.jpg 1024w, https:\/\/nsgdesign.it\/wp-content\/uploads\/2022\/10\/WOSEBA_red-768x576.jpg 768w, https:\/\/nsgdesign.it\/wp-content\/uploads\/2022\/10\/WOSEBA_red-1536x1152.jpg 1536w\" sizes=\"(max-width: 1920px) 100vw, 1920px\" \/>\t\t<\/div>\n\t\t\t\t<div class=\"elementor-portfolio-item__overlay\">\n\t\t\t\t<h3 class=\"elementor-portfolio-item__title\">\n\t\tWoseba Premium\t\t<\/h3>\n\t\t\t\t<\/div>\n\t\t\t\t<\/a>\n\t\t<\/article>\n\t\t\t\t<article class=\"elementor-portfolio-item elementor-post  post-10070 portfolio_food type-portfolio_food status-publish has-post-thumbnail hentry\" role=\"listitem\">\n\t\t\t<a class=\"elementor-post__thumbnail__link\" href=\"https:\/\/nsgdesign.it\/en\/portfolio_food\/ol-fa\/\">\n\t\t\t\t<div class=\"elementor-portfolio-item__img elementor-post__thumbnail\">\n\t\t\t<img loading=\"lazy\" decoding=\"async\" width=\"1120\" height=\"863\" src=\"https:\/\/nsgdesign.it\/wp-content\/uploads\/2022\/11\/olfa-1.jpg\" class=\"attachment-full size-full wp-image-6596\" alt=\"packaging dolci cioccolato olfa bergamo\" srcset=\"https:\/\/nsgdesign.it\/wp-content\/uploads\/2022\/11\/olfa-1.jpg 1120w, https:\/\/nsgdesign.it\/wp-content\/uploads\/2022\/11\/olfa-1-300x231.jpg 300w, https:\/\/nsgdesign.it\/wp-content\/uploads\/2022\/11\/olfa-1-1024x789.jpg 1024w, https:\/\/nsgdesign.it\/wp-content\/uploads\/2022\/11\/olfa-1-768x592.jpg 768w\" sizes=\"(max-width: 1120px) 100vw, 1120px\" \/>\t\t<\/div>\n\t\t\t\t<div class=\"elementor-portfolio-item__overlay\">\n\t\t\t\t<h3 class=\"elementor-portfolio-item__title\">\n\t\tOl-F\u00e0\t\t<\/h3>\n\t\t\t\t<\/div>\n\t\t\t\t<\/a>\n\t\t<\/article>\n\t\t\t\t<article class=\"elementor-portfolio-item elementor-post  post-10067 portfolio_food type-portfolio_food status-publish has-post-thumbnail hentry tag-gimoka-en\" role=\"listitem\">\n\t\t\t<a class=\"elementor-post__thumbnail__link\" href=\"https:\/\/nsgdesign.it\/en\/portfolio_food\/gimoka-puro-aroma\/\">\n\t\t\t\t<div class=\"elementor-portfolio-item__img elementor-post__thumbnail\">\n\t\t\t<img loading=\"lazy\" decoding=\"async\" width=\"570\" height=\"620\" src=\"https:\/\/nsgdesign.it\/wp-content\/uploads\/2022\/11\/evidenza_pack_puroaroma.jpg\" class=\"attachment-full size-full wp-image-6597\" alt=\"\" srcset=\"https:\/\/nsgdesign.it\/wp-content\/uploads\/2022\/11\/evidenza_pack_puroaroma.jpg 570w, https:\/\/nsgdesign.it\/wp-content\/uploads\/2022\/11\/evidenza_pack_puroaroma-276x300.jpg 276w\" sizes=\"(max-width: 570px) 100vw, 570px\" \/>\t\t<\/div>\n\t\t\t\t<div class=\"elementor-portfolio-item__overlay\">\n\t\t\t\t<h3 class=\"elementor-portfolio-item__title\">\n\t\tGimoka Puro Aroma\t\t<\/h3>\n\t\t\t\t<\/div>\n\t\t\t\t<\/a>\n\t\t<\/article>\n\t\t\t\t<article class=\"elementor-portfolio-item elementor-post  post-10065 portfolio_food type-portfolio_food status-publish has-post-thumbnail hentry\" role=\"listitem\">\n\t\t\t<a class=\"elementor-post__thumbnail__link\" href=\"https:\/\/nsgdesign.it\/en\/portfolio_food\/caffesi\/\">\n\t\t\t\t<div class=\"elementor-portfolio-item__img elementor-post__thumbnail\">\n\t\t\t<img loading=\"lazy\" decoding=\"async\" width=\"1000\" height=\"563\" src=\"https:\/\/nsgdesign.it\/wp-content\/uploads\/2022\/11\/CAF_anteprima.jpg\" class=\"attachment-full size-full wp-image-10750\" alt=\"Diamante Caff\u00e8Si\" srcset=\"https:\/\/nsgdesign.it\/wp-content\/uploads\/2022\/11\/CAF_anteprima.jpg 1000w, https:\/\/nsgdesign.it\/wp-content\/uploads\/2022\/11\/CAF_anteprima-300x169.jpg 300w, https:\/\/nsgdesign.it\/wp-content\/uploads\/2022\/11\/CAF_anteprima-768x432.jpg 768w\" sizes=\"(max-width: 1000px) 100vw, 1000px\" \/>\t\t<\/div>\n\t\t\t\t<div class=\"elementor-portfolio-item__overlay\">\n\t\t\t\t<h3 class=\"elementor-portfolio-item__title\">\n\t\tCaff\u00e8Si\t\t<\/h3>\n\t\t\t\t<\/div>\n\t\t\t\t<\/a>\n\t\t<\/article>\n\t\t\t\t<article class=\"elementor-portfolio-item elementor-post  post-10063 portfolio_food type-portfolio_food status-publish has-post-thumbnail hentry tag-woseba-en\" role=\"listitem\">\n\t\t\t<a class=\"elementor-post__thumbnail__link\" href=\"https:\/\/nsgdesign.it\/en\/portfolio_food\/woseba-spot\/\">\n\t\t\t\t<div class=\"elementor-portfolio-item__img elementor-post__thumbnail\">\n\t\t\t<img loading=\"lazy\" decoding=\"async\" width=\"1142\" height=\"967\" src=\"https:\/\/nsgdesign.it\/wp-content\/uploads\/2022\/11\/woseba-spot-anteprima.png\" class=\"attachment-full size-full wp-image-6610\" alt=\"\" srcset=\"https:\/\/nsgdesign.it\/wp-content\/uploads\/2022\/11\/woseba-spot-anteprima.png 1142w, https:\/\/nsgdesign.it\/wp-content\/uploads\/2022\/11\/woseba-spot-anteprima-300x254.png 300w, https:\/\/nsgdesign.it\/wp-content\/uploads\/2022\/11\/woseba-spot-anteprima-1024x867.png 1024w, https:\/\/nsgdesign.it\/wp-content\/uploads\/2022\/11\/woseba-spot-anteprima-768x650.png 768w\" sizes=\"(max-width: 1142px) 100vw, 1142px\" \/>\t\t<\/div>\n\t\t\t\t<div class=\"elementor-portfolio-item__overlay\">\n\t\t\t\t<h3 class=\"elementor-portfolio-item__title\">\n\t\tWoseba Spot\t\t<\/h3>\n\t\t\t\t<\/div>\n\t\t\t\t<\/a>\n\t\t<\/article>\n\t\t\t\t<article class=\"elementor-portfolio-item elementor-post elementor-filter-105 post-10756 portfolio_food type-portfolio_food status-publish has-post-thumbnail hentry category-food\" role=\"listitem\">\n\t\t\t<a class=\"elementor-post__thumbnail__link\" href=\"https:\/\/nsgdesign.it\/en\/portfolio_food\/hausbrandt-%c2%b7-packaging\/\">\n\t\t\t\t<div class=\"elementor-portfolio-item__img elementor-post__thumbnail\">\n\t\t\t<img loading=\"lazy\" decoding=\"async\" width=\"1562\" height=\"877\" src=\"https:\/\/nsgdesign.it\/wp-content\/uploads\/2024\/03\/Screenshot-2024-03-01-alle-12.58.14.png\" class=\"attachment-full size-full wp-image-10758\" alt=\"Hausbrandt caff\u00e8 in grani\" srcset=\"https:\/\/nsgdesign.it\/wp-content\/uploads\/2024\/03\/Screenshot-2024-03-01-alle-12.58.14.png 1562w, https:\/\/nsgdesign.it\/wp-content\/uploads\/2024\/03\/Screenshot-2024-03-01-alle-12.58.14-300x168.png 300w, https:\/\/nsgdesign.it\/wp-content\/uploads\/2024\/03\/Screenshot-2024-03-01-alle-12.58.14-1024x575.png 1024w, https:\/\/nsgdesign.it\/wp-content\/uploads\/2024\/03\/Screenshot-2024-03-01-alle-12.58.14-768x431.png 768w, https:\/\/nsgdesign.it\/wp-content\/uploads\/2024\/03\/Screenshot-2024-03-01-alle-12.58.14-1536x862.png 1536w\" sizes=\"(max-width: 1562px) 100vw, 1562px\" \/>\t\t<\/div>\n\t\t\t\t<div class=\"elementor-portfolio-item__overlay\">\n\t\t\t\t<h3 class=\"elementor-portfolio-item__title\">\n\t\tHausbrandt \u00b7 Packaging\t\t<\/h3>\n\t\t\t\t<\/div>\n\t\t\t\t<\/a>\n\t\t<\/article>\n\t\t\t\t<\/div>\n\t\t\t\t\t\t<\/div>\n\t\t\t\t<\/div>\n\t\t\t\t<\/div>\n\t\t\t\t<\/div>\n\t\t","protected":false},"excerpt":{"rendered":"<p>Food Soul<\/p>\n","protected":false},"author":1,"featured_media":8507,"parent":0,"menu_order":0,"comment_status":"closed","ping_status":"closed","template":"","meta":{"_acf_changed":false,"footnotes":""},"class_list":["post-7190","page","type-page","status-publish","has-post-thumbnail","hentry"],"acf":[],"yoast_head":"<!-- This site is optimized with the Yoast SEO Premium plugin v27.3 (Yoast SEO v27.3) - https:\/\/yoast.com\/product\/yoast-seo-premium-wordpress\/ -->\n<title>Food - NSG<\/title>\n<meta name=\"description\" content=\"NSG Design. A selection of our agency&#039;s most iconic projects in the food sector: packaging, restyling, advertising, websites.\" \/>\n<meta name=\"robots\" content=\"index, follow, max-snippet:-1, max-image-preview:large, max-video-preview:-1\" \/>\n<link rel=\"canonical\" href=\"https:\/\/nsgdesign.it\/en\/food\/\" \/>\n<meta property=\"og:locale\" content=\"en_US\" \/>\n<meta property=\"og:type\" content=\"article\" \/>\n<meta property=\"og:title\" content=\"Food\" \/>\n<meta property=\"og:description\" content=\"NSG Design. A selection of our agency&#039;s most iconic projects in the food sector: packaging, restyling, advertising, websites.\" \/>\n<meta property=\"og:url\" content=\"https:\/\/nsgdesign.it\/en\/food\/\" \/>\n<meta property=\"og:site_name\" content=\"NSG\" \/>\n<meta property=\"article:modified_time\" content=\"2024-04-15T07:39:23+00:00\" \/>\n<meta property=\"og:image\" content=\"https:\/\/nsgdesign.it\/wp-content\/uploads\/2023\/04\/WOSEBA_red-tagliato.jpg\" \/>\n\t<meta property=\"og:image:width\" content=\"1260\" \/>\n\t<meta property=\"og:image:height\" content=\"1440\" \/>\n\t<meta property=\"og:image:type\" content=\"image\/jpeg\" \/>\n<meta name=\"twitter:card\" content=\"summary_large_image\" \/>\n<script type=\"application\/ld+json\" class=\"yoast-schema-graph\">{\"@context\":\"https:\\\/\\\/schema.org\",\"@graph\":[{\"@type\":\"WebPage\",\"@id\":\"https:\\\/\\\/nsgdesign.it\\\/en\\\/food\\\/\",\"url\":\"https:\\\/\\\/nsgdesign.it\\\/en\\\/food\\\/\",\"name\":\"Food - NSG\",\"isPartOf\":{\"@id\":\"https:\\\/\\\/nsgdesign.it\\\/#website\"},\"primaryImageOfPage\":{\"@id\":\"https:\\\/\\\/nsgdesign.it\\\/en\\\/food\\\/#primaryimage\"},\"image\":{\"@id\":\"https:\\\/\\\/nsgdesign.it\\\/en\\\/food\\\/#primaryimage\"},\"thumbnailUrl\":\"https:\\\/\\\/nsgdesign.it\\\/wp-content\\\/uploads\\\/2023\\\/04\\\/WOSEBA_red-tagliato.jpg\",\"datePublished\":\"2023-02-14T10:03:51+00:00\",\"dateModified\":\"2024-04-15T07:39:23+00:00\",\"description\":\"NSG Design. A selection of our agency's most iconic projects in the food sector: packaging, restyling, advertising, websites.\",\"breadcrumb\":{\"@id\":\"https:\\\/\\\/nsgdesign.it\\\/en\\\/food\\\/#breadcrumb\"},\"inLanguage\":\"en-US\",\"potentialAction\":[{\"@type\":\"ReadAction\",\"target\":[\"https:\\\/\\\/nsgdesign.it\\\/en\\\/food\\\/\"]}]},{\"@type\":\"ImageObject\",\"inLanguage\":\"en-US\",\"@id\":\"https:\\\/\\\/nsgdesign.it\\\/en\\\/food\\\/#primaryimage\",\"url\":\"https:\\\/\\\/nsgdesign.it\\\/wp-content\\\/uploads\\\/2023\\\/04\\\/WOSEBA_red-tagliato.jpg\",\"contentUrl\":\"https:\\\/\\\/nsgdesign.it\\\/wp-content\\\/uploads\\\/2023\\\/04\\\/WOSEBA_red-tagliato.jpg\",\"width\":1260,\"height\":1440},{\"@type\":\"BreadcrumbList\",\"@id\":\"https:\\\/\\\/nsgdesign.it\\\/en\\\/food\\\/#breadcrumb\",\"itemListElement\":[{\"@type\":\"ListItem\",\"position\":1,\"name\":\"Home\",\"item\":\"https:\\\/\\\/nsgdesign.it\\\/en\\\/home\\\/\"},{\"@type\":\"ListItem\",\"position\":2,\"name\":\"Food\"}]},{\"@type\":\"WebSite\",\"@id\":\"https:\\\/\\\/nsgdesign.it\\\/#website\",\"url\":\"https:\\\/\\\/nsgdesign.it\\\/\",\"name\":\"NSG\",\"description\":\"Strategic Branding Communication\",\"publisher\":{\"@id\":\"https:\\\/\\\/nsgdesign.it\\\/#organization\"},\"alternateName\":\"NSG\",\"potentialAction\":[{\"@type\":\"SearchAction\",\"target\":{\"@type\":\"EntryPoint\",\"urlTemplate\":\"https:\\\/\\\/nsgdesign.it\\\/?s={search_term_string}\"},\"query-input\":{\"@type\":\"PropertyValueSpecification\",\"valueRequired\":true,\"valueName\":\"search_term_string\"}}],\"inLanguage\":\"en-US\"},{\"@type\":\"Organization\",\"@id\":\"https:\\\/\\\/nsgdesign.it\\\/#organization\",\"name\":\"NSG\",\"url\":\"https:\\\/\\\/nsgdesign.it\\\/\",\"logo\":{\"@type\":\"ImageObject\",\"inLanguage\":\"en-US\",\"@id\":\"https:\\\/\\\/nsgdesign.it\\\/#\\\/schema\\\/logo\\\/image\\\/\",\"url\":\"https:\\\/\\\/nsgdesign.it\\\/wp-content\\\/uploads\\\/2022\\\/03\\\/LOGO-NSG.png\",\"contentUrl\":\"https:\\\/\\\/nsgdesign.it\\\/wp-content\\\/uploads\\\/2022\\\/03\\\/LOGO-NSG.png\",\"width\":1300,\"height\":650,\"caption\":\"NSG\"},\"image\":{\"@id\":\"https:\\\/\\\/nsgdesign.it\\\/#\\\/schema\\\/logo\\\/image\\\/\"},\"sameAs\":[\"https:\\\/\\\/it.linkedin.com\\\/company\\\/nsgdesign?trk=public_profile_topcard-current-company\",\"https:\\\/\\\/www.instagram.com\\\/nsgdesign_italia\\\/?hl=it\"],\"description\":\"Agenzia di comunicazione specializzata nel design legato al mondo del vino e degli spirits, spaziando dal branding, packaging e tutto ci\u00f2 che \u00e8 grafica tradizionale, a tutto ci\u00f2 che \u00e8 digital, web, social.\",\"email\":\"info@nsgdesign.it\",\"telephone\":\"+39 035 2650931\",\"legalName\":\"NSG srl\",\"foundingDate\":\"2022-01-18\",\"vatID\":\"04580180166\",\"taxID\":\"04580180166\",\"numberOfEmployees\":{\"@type\":\"QuantitativeValue\",\"minValue\":\"11\",\"maxValue\":\"50\"}}]}<\/script>\n<!-- \/ Yoast SEO Premium plugin. -->","yoast_head_json":{"title":"Food - NSG","description":"NSG Design. A selection of our agency's most iconic projects in the food sector: packaging, restyling, advertising, websites.","robots":{"index":"index","follow":"follow","max-snippet":"max-snippet:-1","max-image-preview":"max-image-preview:large","max-video-preview":"max-video-preview:-1"},"canonical":"https:\/\/nsgdesign.it\/en\/food\/","og_locale":"en_US","og_type":"article","og_title":"Food","og_description":"NSG Design. A selection of our agency's most iconic projects in the food sector: packaging, restyling, advertising, websites.","og_url":"https:\/\/nsgdesign.it\/en\/food\/","og_site_name":"NSG","article_modified_time":"2024-04-15T07:39:23+00:00","og_image":[{"width":1260,"height":1440,"url":"https:\/\/nsgdesign.it\/wp-content\/uploads\/2023\/04\/WOSEBA_red-tagliato.jpg","type":"image\/jpeg"}],"twitter_card":"summary_large_image","schema":{"@context":"https:\/\/schema.org","@graph":[{"@type":"WebPage","@id":"https:\/\/nsgdesign.it\/en\/food\/","url":"https:\/\/nsgdesign.it\/en\/food\/","name":"Food - NSG","isPartOf":{"@id":"https:\/\/nsgdesign.it\/#website"},"primaryImageOfPage":{"@id":"https:\/\/nsgdesign.it\/en\/food\/#primaryimage"},"image":{"@id":"https:\/\/nsgdesign.it\/en\/food\/#primaryimage"},"thumbnailUrl":"https:\/\/nsgdesign.it\/wp-content\/uploads\/2023\/04\/WOSEBA_red-tagliato.jpg","datePublished":"2023-02-14T10:03:51+00:00","dateModified":"2024-04-15T07:39:23+00:00","description":"NSG Design. A selection of our agency's most iconic projects in the food sector: packaging, restyling, advertising, websites.","breadcrumb":{"@id":"https:\/\/nsgdesign.it\/en\/food\/#breadcrumb"},"inLanguage":"en-US","potentialAction":[{"@type":"ReadAction","target":["https:\/\/nsgdesign.it\/en\/food\/"]}]},{"@type":"ImageObject","inLanguage":"en-US","@id":"https:\/\/nsgdesign.it\/en\/food\/#primaryimage","url":"https:\/\/nsgdesign.it\/wp-content\/uploads\/2023\/04\/WOSEBA_red-tagliato.jpg","contentUrl":"https:\/\/nsgdesign.it\/wp-content\/uploads\/2023\/04\/WOSEBA_red-tagliato.jpg","width":1260,"height":1440},{"@type":"BreadcrumbList","@id":"https:\/\/nsgdesign.it\/en\/food\/#breadcrumb","itemListElement":[{"@type":"ListItem","position":1,"name":"Home","item":"https:\/\/nsgdesign.it\/en\/home\/"},{"@type":"ListItem","position":2,"name":"Food"}]},{"@type":"WebSite","@id":"https:\/\/nsgdesign.it\/#website","url":"https:\/\/nsgdesign.it\/","name":"NSG","description":"Strategic Branding Communication","publisher":{"@id":"https:\/\/nsgdesign.it\/#organization"},"alternateName":"NSG","potentialAction":[{"@type":"SearchAction","target":{"@type":"EntryPoint","urlTemplate":"https:\/\/nsgdesign.it\/?s={search_term_string}"},"query-input":{"@type":"PropertyValueSpecification","valueRequired":true,"valueName":"search_term_string"}}],"inLanguage":"en-US"},{"@type":"Organization","@id":"https:\/\/nsgdesign.it\/#organization","name":"NSG","url":"https:\/\/nsgdesign.it\/","logo":{"@type":"ImageObject","inLanguage":"en-US","@id":"https:\/\/nsgdesign.it\/#\/schema\/logo\/image\/","url":"https:\/\/nsgdesign.it\/wp-content\/uploads\/2022\/03\/LOGO-NSG.png","contentUrl":"https:\/\/nsgdesign.it\/wp-content\/uploads\/2022\/03\/LOGO-NSG.png","width":1300,"height":650,"caption":"NSG"},"image":{"@id":"https:\/\/nsgdesign.it\/#\/schema\/logo\/image\/"},"sameAs":["https:\/\/it.linkedin.com\/company\/nsgdesign?trk=public_profile_topcard-current-company","https:\/\/www.instagram.com\/nsgdesign_italia\/?hl=it"],"description":"Agenzia di comunicazione specializzata nel design legato al mondo del vino e degli spirits, spaziando dal branding, packaging e tutto ci\u00f2 che \u00e8 grafica tradizionale, a tutto ci\u00f2 che \u00e8 digital, web, social.","email":"info@nsgdesign.it","telephone":"+39 035 2650931","legalName":"NSG srl","foundingDate":"2022-01-18","vatID":"04580180166","taxID":"04580180166","numberOfEmployees":{"@type":"QuantitativeValue","minValue":"11","maxValue":"50"}}]}},"_links":{"self":[{"href":"https:\/\/nsgdesign.it\/en\/wp-json\/wp\/v2\/pages\/7190","targetHints":{"allow":["GET"]}}],"collection":[{"href":"https:\/\/nsgdesign.it\/en\/wp-json\/wp\/v2\/pages"}],"about":[{"href":"https:\/\/nsgdesign.it\/en\/wp-json\/wp\/v2\/types\/page"}],"author":[{"embeddable":true,"href":"https:\/\/nsgdesign.it\/en\/wp-json\/wp\/v2\/users\/1"}],"replies":[{"embeddable":true,"href":"https:\/\/nsgdesign.it\/en\/wp-json\/wp\/v2\/comments?post=7190"}],"version-history":[{"count":15,"href":"https:\/\/nsgdesign.it\/en\/wp-json\/wp\/v2\/pages\/7190\/revisions"}],"predecessor-version":[{"id":11958,"href":"https:\/\/nsgdesign.it\/en\/wp-json\/wp\/v2\/pages\/7190\/revisions\/11958"}],"wp:featuredmedia":[{"embeddable":true,"href":"https:\/\/nsgdesign.it\/en\/wp-json\/wp\/v2\/media\/8507"}],"wp:attachment":[{"href":"https:\/\/nsgdesign.it\/en\/wp-json\/wp\/v2\/media?parent=7190"}],"curies":[{"name":"wp","href":"https:\/\/api.w.org\/{rel}","templated":true}]}}