{"id":7196,"date":"2023-02-14T10:44:24","date_gmt":"2023-02-14T10:44:24","guid":{"rendered":"https:\/\/nsgdesign.it\/news\/"},"modified":"2025-04-01T10:41:38","modified_gmt":"2025-04-01T10:41:38","slug":"news","status":"publish","type":"page","link":"https:\/\/nsgdesign.it\/en\/news\/","title":{"rendered":"News"},"content":{"rendered":"\t\t<div data-elementor-type=\"wp-page\" data-elementor-id=\"7196\" class=\"elementor elementor-7196 elementor-4625\" data-elementor-post-type=\"page\">\n\t\t\t\t<div class=\"elementor-element elementor-element-c329167 e-con-full e-flex e-con e-parent\" data-id=\"c329167\" data-element_type=\"container\" data-e-type=\"container\">\n\t\t<div class=\"elementor-element elementor-element-f8cea94 e-con-full e-flex e-con e-child\" data-id=\"f8cea94\" data-element_type=\"container\" data-e-type=\"container\">\n\t\t\t\t<div class=\"elementor-element elementor-element-463ff67 elementor-widget elementor-widget-heading\" data-id=\"463ff67\" data-element_type=\"widget\" data-e-type=\"widget\" data-widget_type=\"heading.default\">\n\t\t\t\t<div class=\"elementor-widget-container\">\n\t\t\t\t\t<h2 class=\"elementor-heading-title elementor-size-default\">News<\/h2>\t\t\t\t<\/div>\n\t\t\t\t<\/div>\n\t\t\t\t<\/div>\n\t\t<div class=\"elementor-element elementor-element-a9d21b2 e-con-full e-flex e-con e-child\" data-id=\"a9d21b2\" data-element_type=\"container\" data-e-type=\"container\">\n\t\t\t\t<\/div>\n\t\t<div class=\"elementor-element elementor-element-eceed17 e-con-full e-flex e-con e-child\" data-id=\"eceed17\" data-element_type=\"container\" data-e-type=\"container\">\n\t\t\t\t<\/div>\n\t\t\t\t<\/div>\n\t\t<div class=\"elementor-element elementor-element-dc8a7c4 e-con-full e-flex e-con e-parent\" data-id=\"dc8a7c4\" data-element_type=\"container\" data-e-type=\"container\">\n\t\t\t\t<div class=\"elementor-element elementor-element-a60f993 elementor-grid-1 elementor-widget__width-initial elementor-grid-tablet-1 elementor-grid-mobile-1 elementor-posts--thumbnail-top elementor-widget elementor-widget-posts\" data-id=\"a60f993\" data-element_type=\"widget\" data-e-type=\"widget\" data-settings=\"{&quot;classic_columns&quot;:&quot;1&quot;,&quot;classic_columns_tablet&quot;:&quot;1&quot;,&quot;classic_columns_mobile&quot;:&quot;1&quot;,&quot;classic_row_gap&quot;:{&quot;unit&quot;:&quot;px&quot;,&quot;size&quot;:35,&quot;sizes&quot;:[]},&quot;classic_row_gap_tablet&quot;:{&quot;unit&quot;:&quot;px&quot;,&quot;size&quot;:&quot;&quot;,&quot;sizes&quot;:[]},&quot;classic_row_gap_mobile&quot;:{&quot;unit&quot;:&quot;px&quot;,&quot;size&quot;:&quot;&quot;,&quot;sizes&quot;:[]}}\" data-widget_type=\"posts.classic\">\n\t\t\t\t<div class=\"elementor-widget-container\">\n\t\t\t\t\t\t\t<div class=\"elementor-posts-container elementor-posts elementor-posts--skin-classic elementor-grid\" role=\"list\">\n\t\t\t\t<article class=\"elementor-post elementor-grid-item post-16616 post type-post status-publish format-standard has-post-thumbnail hentry category-news-en\" role=\"listitem\">\n\t\t\t\t<a class=\"elementor-post__thumbnail__link\" href=\"https:\/\/nsgdesign.it\/en\/sankt-pauls-new-brand-identity-and-graphic-restyling-for-the-selezione-line\/\" tabindex=\"-1\" >\n\t\t\t<div class=\"elementor-post__thumbnail\"><img fetchpriority=\"high\" decoding=\"async\" width=\"1920\" height=\"1080\" src=\"https:\/\/nsgdesign.it\/wp-content\/uploads\/2025\/04\/NSG_Sankt-Pauls-1.jpg\" class=\"attachment-full size-full wp-image-16622\" alt=\"progettazione design etichette di sankt pauls\" srcset=\"https:\/\/nsgdesign.it\/wp-content\/uploads\/2025\/04\/NSG_Sankt-Pauls-1.jpg 1920w, https:\/\/nsgdesign.it\/wp-content\/uploads\/2025\/04\/NSG_Sankt-Pauls-1-300x169.jpg 300w, https:\/\/nsgdesign.it\/wp-content\/uploads\/2025\/04\/NSG_Sankt-Pauls-1-1024x576.jpg 1024w, https:\/\/nsgdesign.it\/wp-content\/uploads\/2025\/04\/NSG_Sankt-Pauls-1-768x432.jpg 768w, https:\/\/nsgdesign.it\/wp-content\/uploads\/2025\/04\/NSG_Sankt-Pauls-1-1536x864.jpg 1536w\" sizes=\"(max-width: 1920px) 100vw, 1920px\" \/><\/div>\n\t\t<\/a>\n\t\t\t\t<div class=\"elementor-post__text\">\n\t\t\t\t<h3 class=\"elementor-post__title\">\n\t\t\t<a href=\"https:\/\/nsgdesign.it\/en\/sankt-pauls-new-brand-identity-and-graphic-restyling-for-the-selezione-line\/\" >\n\t\t\t\tSankt Pauls: new brand identity and graphic restyling for the Selezione line.\t\t\t<\/a>\n\t\t<\/h3>\n\t\t\t\t<div class=\"elementor-post__meta-data\">\n\t\t\t\t\t<span class=\"elementor-post-date\">\n\t\t\tApril 2025\t\t<\/span>\n\t\t\t\t<\/div>\n\t\t\n\t\t<a class=\"elementor-post__read-more\" href=\"https:\/\/nsgdesign.it\/en\/sankt-pauls-new-brand-identity-and-graphic-restyling-for-the-selezione-line\/\" aria-label=\"Read more about Sankt Pauls: new brand identity and graphic restyling for the Selezione line.\" tabindex=\"-1\" >\n\t\t\t\t\t<\/a>\n\n\t\t\t\t<\/div>\n\t\t\t\t<\/article>\n\t\t\t\t<\/div>\n\t\t\n\t\t\t\t\t\t<\/div>\n\t\t\t\t<\/div>\n\t\t\t\t<\/div>\n\t\t<div class=\"elementor-element elementor-element-26dedc4 e-con-full e-flex e-con e-parent\" data-id=\"26dedc4\" data-element_type=\"container\" data-e-type=\"container\">\n\t\t\t\t<\/div>\n\t\t<div class=\"elementor-element elementor-element-3b93e10 e-con-full e-flex e-con e-parent\" data-id=\"3b93e10\" data-element_type=\"container\" data-e-type=\"container\">\n\t\t\t\t<\/div>\n\t\t<div class=\"elementor-element elementor-element-e9f127f e-con-full e-flex e-con e-parent\" data-id=\"e9f127f\" data-element_type=\"container\" data-e-type=\"container\">\n\t\t\t\t<\/div>\n\t\t<div class=\"elementor-element elementor-element-80c34b0 e-con-full e-flex e-con e-parent\" data-id=\"80c34b0\" data-element_type=\"container\" data-e-type=\"container\">\n\t\t\t\t<\/div>\n\t\t\t\t<\/div>\n\t\t","protected":false},"excerpt":{"rendered":"<p>News<\/p>\n","protected":false},"author":1,"featured_media":0,"parent":0,"menu_order":0,"comment_status":"closed","ping_status":"closed","template":"","meta":{"_acf_changed":false,"footnotes":""},"class_list":["post-7196","page","type-page","status-publish","hentry"],"acf":[],"yoast_head":"<!-- This site is optimized with the Yoast SEO Premium plugin v27.3 (Yoast SEO v27.3) - https:\/\/yoast.com\/product\/yoast-seo-premium-wordpress\/ -->\n<title>News - NSG Design<\/title>\n<meta name=\"description\" content=\"Explore the latest news from NSG Design. Updates on the world of wine, spirits, and food, insights into our projects, and iconic wine labels.\" \/>\n<meta name=\"robots\" content=\"index, follow, max-snippet:-1, max-image-preview:large, max-video-preview:-1\" \/>\n<link rel=\"canonical\" href=\"https:\/\/nsgdesign.it\/news\/\" \/>\n<meta property=\"og:locale\" content=\"en_US\" \/>\n<meta property=\"og:type\" content=\"article\" \/>\n<meta property=\"og:title\" content=\"News\" \/>\n<meta property=\"og:description\" content=\"Explore the latest news from NSG Design. Updates on the world of wine, spirits, and food, insights into our projects, and iconic wine labels.\" \/>\n<meta property=\"og:url\" content=\"https:\/\/nsgdesign.it\/news\/\" \/>\n<meta property=\"og:site_name\" content=\"NSG\" \/>\n<meta property=\"article:modified_time\" content=\"2025-04-01T10:41:38+00:00\" \/>\n<meta property=\"og:image\" content=\"https:\/\/nsgdesign.it\/wp-content\/uploads\/2023\/02\/logo-nsg-nero.png\" \/>\n\t<meta property=\"og:image:width\" content=\"901\" \/>\n\t<meta property=\"og:image:height\" content=\"449\" \/>\n\t<meta property=\"og:image:type\" content=\"image\/png\" \/>\n<meta name=\"twitter:card\" content=\"summary_large_image\" \/>\n<script type=\"application\/ld+json\" class=\"yoast-schema-graph\">{\"@context\":\"https:\\\/\\\/schema.org\",\"@graph\":[{\"@type\":\"WebPage\",\"@id\":\"https:\\\/\\\/nsgdesign.it\\\/news\\\/\",\"url\":\"https:\\\/\\\/nsgdesign.it\\\/news\\\/\",\"name\":\"News - NSG Design\",\"isPartOf\":{\"@id\":\"https:\\\/\\\/nsgdesign.it\\\/#website\"},\"datePublished\":\"2023-02-14T10:44:24+00:00\",\"dateModified\":\"2025-04-01T10:41:38+00:00\",\"description\":\"Explore the latest news from NSG Design. Updates on the world of wine, spirits, and food, insights into our projects, and iconic wine labels.\",\"breadcrumb\":{\"@id\":\"https:\\\/\\\/nsgdesign.it\\\/news\\\/#breadcrumb\"},\"inLanguage\":\"en-US\",\"potentialAction\":[{\"@type\":\"ReadAction\",\"target\":[\"https:\\\/\\\/nsgdesign.it\\\/news\\\/\"]}]},{\"@type\":\"BreadcrumbList\",\"@id\":\"https:\\\/\\\/nsgdesign.it\\\/news\\\/#breadcrumb\",\"itemListElement\":[{\"@type\":\"ListItem\",\"position\":1,\"name\":\"Home\",\"item\":\"https:\\\/\\\/nsgdesign.it\\\/en\\\/home\\\/\"},{\"@type\":\"ListItem\",\"position\":2,\"name\":\"News\"}]},{\"@type\":\"WebSite\",\"@id\":\"https:\\\/\\\/nsgdesign.it\\\/#website\",\"url\":\"https:\\\/\\\/nsgdesign.it\\\/\",\"name\":\"NSG\",\"description\":\"Strategic Branding Communication\",\"publisher\":{\"@id\":\"https:\\\/\\\/nsgdesign.it\\\/#organization\"},\"alternateName\":\"NSG\",\"potentialAction\":[{\"@type\":\"SearchAction\",\"target\":{\"@type\":\"EntryPoint\",\"urlTemplate\":\"https:\\\/\\\/nsgdesign.it\\\/?s={search_term_string}\"},\"query-input\":{\"@type\":\"PropertyValueSpecification\",\"valueRequired\":true,\"valueName\":\"search_term_string\"}}],\"inLanguage\":\"en-US\"},{\"@type\":\"Organization\",\"@id\":\"https:\\\/\\\/nsgdesign.it\\\/#organization\",\"name\":\"NSG\",\"url\":\"https:\\\/\\\/nsgdesign.it\\\/\",\"logo\":{\"@type\":\"ImageObject\",\"inLanguage\":\"en-US\",\"@id\":\"https:\\\/\\\/nsgdesign.it\\\/#\\\/schema\\\/logo\\\/image\\\/\",\"url\":\"https:\\\/\\\/nsgdesign.it\\\/wp-content\\\/uploads\\\/2022\\\/03\\\/LOGO-NSG.png\",\"contentUrl\":\"https:\\\/\\\/nsgdesign.it\\\/wp-content\\\/uploads\\\/2022\\\/03\\\/LOGO-NSG.png\",\"width\":1300,\"height\":650,\"caption\":\"NSG\"},\"image\":{\"@id\":\"https:\\\/\\\/nsgdesign.it\\\/#\\\/schema\\\/logo\\\/image\\\/\"},\"sameAs\":[\"https:\\\/\\\/it.linkedin.com\\\/company\\\/nsgdesign?trk=public_profile_topcard-current-company\",\"https:\\\/\\\/www.instagram.com\\\/nsgdesign_italia\\\/?hl=it\"],\"description\":\"Agenzia di comunicazione specializzata nel design legato al mondo del vino e degli spirits, spaziando dal branding, packaging e tutto ci\u00f2 che \u00e8 grafica tradizionale, a tutto ci\u00f2 che \u00e8 digital, web, social.\",\"email\":\"info@nsgdesign.it\",\"telephone\":\"+39 035 2650931\",\"legalName\":\"NSG srl\",\"foundingDate\":\"2022-01-18\",\"vatID\":\"04580180166\",\"taxID\":\"04580180166\",\"numberOfEmployees\":{\"@type\":\"QuantitativeValue\",\"minValue\":\"11\",\"maxValue\":\"50\"}}]}<\/script>\n<!-- \/ Yoast SEO Premium plugin. -->","yoast_head_json":{"title":"News - NSG Design","description":"Explore the latest news from NSG Design. Updates on the world of wine, spirits, and food, insights into our projects, and iconic wine labels.","robots":{"index":"index","follow":"follow","max-snippet":"max-snippet:-1","max-image-preview":"max-image-preview:large","max-video-preview":"max-video-preview:-1"},"canonical":"https:\/\/nsgdesign.it\/news\/","og_locale":"en_US","og_type":"article","og_title":"News","og_description":"Explore the latest news from NSG Design. Updates on the world of wine, spirits, and food, insights into our projects, and iconic wine labels.","og_url":"https:\/\/nsgdesign.it\/news\/","og_site_name":"NSG","article_modified_time":"2025-04-01T10:41:38+00:00","og_image":[{"width":901,"height":449,"url":"https:\/\/nsgdesign.it\/wp-content\/uploads\/2023\/02\/logo-nsg-nero.png","type":"image\/png"}],"twitter_card":"summary_large_image","schema":{"@context":"https:\/\/schema.org","@graph":[{"@type":"WebPage","@id":"https:\/\/nsgdesign.it\/news\/","url":"https:\/\/nsgdesign.it\/news\/","name":"News - NSG Design","isPartOf":{"@id":"https:\/\/nsgdesign.it\/#website"},"datePublished":"2023-02-14T10:44:24+00:00","dateModified":"2025-04-01T10:41:38+00:00","description":"Explore the latest news from NSG Design. Updates on the world of wine, spirits, and food, insights into our projects, and iconic wine labels.","breadcrumb":{"@id":"https:\/\/nsgdesign.it\/news\/#breadcrumb"},"inLanguage":"en-US","potentialAction":[{"@type":"ReadAction","target":["https:\/\/nsgdesign.it\/news\/"]}]},{"@type":"BreadcrumbList","@id":"https:\/\/nsgdesign.it\/news\/#breadcrumb","itemListElement":[{"@type":"ListItem","position":1,"name":"Home","item":"https:\/\/nsgdesign.it\/en\/home\/"},{"@type":"ListItem","position":2,"name":"News"}]},{"@type":"WebSite","@id":"https:\/\/nsgdesign.it\/#website","url":"https:\/\/nsgdesign.it\/","name":"NSG","description":"Strategic Branding Communication","publisher":{"@id":"https:\/\/nsgdesign.it\/#organization"},"alternateName":"NSG","potentialAction":[{"@type":"SearchAction","target":{"@type":"EntryPoint","urlTemplate":"https:\/\/nsgdesign.it\/?s={search_term_string}"},"query-input":{"@type":"PropertyValueSpecification","valueRequired":true,"valueName":"search_term_string"}}],"inLanguage":"en-US"},{"@type":"Organization","@id":"https:\/\/nsgdesign.it\/#organization","name":"NSG","url":"https:\/\/nsgdesign.it\/","logo":{"@type":"ImageObject","inLanguage":"en-US","@id":"https:\/\/nsgdesign.it\/#\/schema\/logo\/image\/","url":"https:\/\/nsgdesign.it\/wp-content\/uploads\/2022\/03\/LOGO-NSG.png","contentUrl":"https:\/\/nsgdesign.it\/wp-content\/uploads\/2022\/03\/LOGO-NSG.png","width":1300,"height":650,"caption":"NSG"},"image":{"@id":"https:\/\/nsgdesign.it\/#\/schema\/logo\/image\/"},"sameAs":["https:\/\/it.linkedin.com\/company\/nsgdesign?trk=public_profile_topcard-current-company","https:\/\/www.instagram.com\/nsgdesign_italia\/?hl=it"],"description":"Agenzia di comunicazione specializzata nel design legato al mondo del vino e degli spirits, spaziando dal branding, packaging e tutto ci\u00f2 che \u00e8 grafica tradizionale, a tutto ci\u00f2 che \u00e8 digital, web, social.","email":"info@nsgdesign.it","telephone":"+39 035 2650931","legalName":"NSG srl","foundingDate":"2022-01-18","vatID":"04580180166","taxID":"04580180166","numberOfEmployees":{"@type":"QuantitativeValue","minValue":"11","maxValue":"50"}}]}},"_links":{"self":[{"href":"https:\/\/nsgdesign.it\/en\/wp-json\/wp\/v2\/pages\/7196","targetHints":{"allow":["GET"]}}],"collection":[{"href":"https:\/\/nsgdesign.it\/en\/wp-json\/wp\/v2\/pages"}],"about":[{"href":"https:\/\/nsgdesign.it\/en\/wp-json\/wp\/v2\/types\/page"}],"author":[{"embeddable":true,"href":"https:\/\/nsgdesign.it\/en\/wp-json\/wp\/v2\/users\/1"}],"replies":[{"embeddable":true,"href":"https:\/\/nsgdesign.it\/en\/wp-json\/wp\/v2\/comments?post=7196"}],"version-history":[{"count":5,"href":"https:\/\/nsgdesign.it\/en\/wp-json\/wp\/v2\/pages\/7196\/revisions"}],"predecessor-version":[{"id":15986,"href":"https:\/\/nsgdesign.it\/en\/wp-json\/wp\/v2\/pages\/7196\/revisions\/15986"}],"wp:attachment":[{"href":"https:\/\/nsgdesign.it\/en\/wp-json\/wp\/v2\/media?parent=7196"}],"curies":[{"name":"wp","href":"https:\/\/api.w.org\/{rel}","templated":true}]}}